{"id":323,"date":"2018-08-06T15:07:14","date_gmt":"2018-08-06T13:07:14","guid":{"rendered":"http:\/\/quentel.dcks.de\/?page_id=323"},"modified":"2025-10-06T09:31:30","modified_gmt":"2025-10-06T07:31:30","slug":"der-aktuelle-vereinsvorstand","status":"publish","type":"page","link":"https:\/\/quentel.dcks.de\/?page_id=323","title":{"rendered":"Der aktuelle Vereinsvorstand &#8211; F\u00f6rderverein"},"content":{"rendered":"<table style=\"height: 363px; width: width: 473px; border-collapse: collapse;\" border=\"0\">\n<tbody>\n<tr style=\"height: 24px; width: 473px;\">\n<td style=\"width: 215.5px; height: 22px; vertical-align: top;\">1. Vorsitzende<\/td>\n<td style=\"width: 215.5px; height: 25px; vertical-align: top;\">Manfred Schanze<br \/>\nDirk Neugeboren<\/td>\n<\/tr>\n<tr style=\"height: 24px;\">\n<td style=\"width: 215.5px; height: 24px; vertical-align: top;\">2. Vorsitzende<\/td>\n<td style=\"width: 215.5px; height: 24px; vertical-align: top;\">Elke Schubert-Blumenstein<br \/>\nSabine Neugeboren<\/td>\n<\/tr>\n<tr style=\"height: 24px;\">\n<td style=\"width: 215.5px; height: 24px; vertical-align: top;\">Kassierer<\/td>\n<td style=\"width: 215.5px; height: 24px; vertical-align: top;\">Karl-Heinz Blumenstein<\/td>\n<\/tr>\n<tr style=\"height: 24px;\">\n<td style=\"width: 215.5px; height: 10px; vertical-align: top;\">Schriftf\u00fchrer<\/td>\n<td style=\"width: 215.5px; height: 10px; vertical-align: top;\">Felix Blumenstein<\/td>\n<\/tr>\n<tr style=\"height: 24px;\">\n<td style=\"width: 215.5px; height: 24px; vertical-align: top;\">Stv. Schriftf\u00fchrer<\/td>\n<td style=\"width: 215.5px; height: 24px; vertical-align: top;\">Peter K\u00fcllmer<\/td>\n<\/tr>\n<tr style=\"height: 24px;\">\n<td style=\"width: 215.5px; height: 24px; vertical-align: top;\">Mitglieder Teamvorstand<\/td>\n<td style=\"width: 215.5px; height: 24px; vertical-align: top;\">Torsten Krass<br \/>\nMichelle Eberwein<\/td>\n<\/tr>\n<tr style=\"height: 25px;\">\n<td style=\"width: 215.5px; height: 25px; vertical-align: top;\">Kassenpr\u00fcfer<\/td>\n<td style=\"width: 215.5px; height: 25px; vertical-align: top;\">Beate Schanze<br \/>\nHans Schubert<\/td>\n<\/tr>\n<\/tbody>\n<\/table>\n","protected":false},"excerpt":{"rendered":"<p>1. Vorsitzende Manfred Schanze Dirk Neugeboren 2. Vorsitzende Elke Schubert-Blumenstein Sabine Neugeboren Kassierer Karl-Heinz Blumenstein Schriftf\u00fchrer Felix Blumenstein Stv. Schriftf\u00fchrer Peter K\u00fcllmer Mitglieder Teamvorstand Torsten Krass Michelle Eberwein Kassenpr\u00fcfer Beate Schanze Hans Schubert<\/p>\n","protected":false},"author":1,"featured_media":0,"parent":0,"menu_order":0,"comment_status":"closed","ping_status":"closed","template":"","meta":{"footnotes":""},"class_list":["post-323","page","type-page","status-publish","hentry"],"_links":{"self":[{"href":"https:\/\/quentel.dcks.de\/index.php?rest_route=\/wp\/v2\/pages\/323","targetHints":{"allow":["GET"]}}],"collection":[{"href":"https:\/\/quentel.dcks.de\/index.php?rest_route=\/wp\/v2\/pages"}],"about":[{"href":"https:\/\/quentel.dcks.de\/index.php?rest_route=\/wp\/v2\/types\/page"}],"author":[{"embeddable":true,"href":"https:\/\/quentel.dcks.de\/index.php?rest_route=\/wp\/v2\/users\/1"}],"replies":[{"embeddable":true,"href":"https:\/\/quentel.dcks.de\/index.php?rest_route=%2Fwp%2Fv2%2Fcomments&post=323"}],"version-history":[{"count":14,"href":"https:\/\/quentel.dcks.de\/index.php?rest_route=\/wp\/v2\/pages\/323\/revisions"}],"predecessor-version":[{"id":708,"href":"https:\/\/quentel.dcks.de\/index.php?rest_route=\/wp\/v2\/pages\/323\/revisions\/708"}],"wp:attachment":[{"href":"https:\/\/quentel.dcks.de\/index.php?rest_route=%2Fwp%2Fv2%2Fmedia&parent=323"}],"curies":[{"name":"wp","href":"https:\/\/api.w.org\/{rel}","templated":true}]}}