{"id":321,"date":"2018-08-06T15:03:57","date_gmt":"2018-08-06T13:03:57","guid":{"rendered":"http:\/\/quentel.dcks.de\/?page_id=321"},"modified":"2018-08-10T19:58:38","modified_gmt":"2018-08-10T17:58:38","slug":"wanderfreunde-und-gaeste","status":"publish","type":"page","link":"https:\/\/quentel.dcks.de\/?page_id=321","title":{"rendered":"Wanderfreunde und G\u00e4ste"},"content":{"rendered":"<p>Wanderfreunde und G\u00e4ste werden recht herzlich zum Rasten, Verweilen und Genie\u00dfen in das Caf\u00e9 unserer R\u00e4umlichkeiten eingeladen. Nach Ihrer Anmeldung bieten wir Ihnen selbstgebackenen Kuchen, Kaffee, einen herzhaften Imbiss und Kaltgetr\u00e4nke an.<\/p>\n<p>Kontakt:&nbsp;&nbsp;&nbsp;&nbsp;&nbsp;&nbsp;&nbsp;&nbsp;<\/p>\n<p>Elke Schubert-Blumenstein (Tel. 05602-5874)<br \/>\nKatja Lutz (Tel. 05602-3779)<\/p>\n","protected":false},"excerpt":{"rendered":"<p>Wanderfreunde und G\u00e4ste werden recht herzlich zum Rasten, Verweilen und Genie\u00dfen in das Caf\u00e9 unserer R\u00e4umlichkeiten eingeladen. Nach Ihrer Anmeldung bieten wir Ihnen selbstgebackenen Kuchen, Kaffee, einen herzhaften Imbiss und Kaltgetr\u00e4nke an. Kontakt:&nbsp;&nbsp;&nbsp;&nbsp;&nbsp;&nbsp;&nbsp;&nbsp; Elke Schubert-Blumenstein (Tel. 05602-5874) Katja Lutz (Tel. 05602-3779)<\/p>\n","protected":false},"author":1,"featured_media":0,"parent":0,"menu_order":0,"comment_status":"closed","ping_status":"closed","template":"","meta":{"footnotes":""},"class_list":["post-321","page","type-page","status-publish","hentry"],"_links":{"self":[{"href":"https:\/\/quentel.dcks.de\/index.php?rest_route=\/wp\/v2\/pages\/321","targetHints":{"allow":["GET"]}}],"collection":[{"href":"https:\/\/quentel.dcks.de\/index.php?rest_route=\/wp\/v2\/pages"}],"about":[{"href":"https:\/\/quentel.dcks.de\/index.php?rest_route=\/wp\/v2\/types\/page"}],"author":[{"embeddable":true,"href":"https:\/\/quentel.dcks.de\/index.php?rest_route=\/wp\/v2\/users\/1"}],"replies":[{"embeddable":true,"href":"https:\/\/quentel.dcks.de\/index.php?rest_route=%2Fwp%2Fv2%2Fcomments&post=321"}],"version-history":[{"count":2,"href":"https:\/\/quentel.dcks.de\/index.php?rest_route=\/wp\/v2\/pages\/321\/revisions"}],"predecessor-version":[{"id":351,"href":"https:\/\/quentel.dcks.de\/index.php?rest_route=\/wp\/v2\/pages\/321\/revisions\/351"}],"wp:attachment":[{"href":"https:\/\/quentel.dcks.de\/index.php?rest_route=%2Fwp%2Fv2%2Fmedia&parent=321"}],"curies":[{"name":"wp","href":"https:\/\/api.w.org\/{rel}","templated":true}]}}