{"id":315,"date":"2018-08-06T15:02:29","date_gmt":"2018-08-06T13:02:29","guid":{"rendered":"http:\/\/quentel.dcks.de\/?page_id=315"},"modified":"2018-08-06T15:12:25","modified_gmt":"2018-08-06T13:12:25","slug":"historie-des-gebaeudes","status":"publish","type":"page","link":"https:\/\/quentel.dcks.de\/?page_id=315","title":{"rendered":"Historie des Geb\u00e4udes &#8211; F\u00f6rderverein"},"content":{"rendered":"<p>Wie Thomas Blumenstein in seiner Chronik zum 675-j\u00e4hrigen Ortsjubil\u00e4um in 1996 schreibt, hatte die Gemeinde 1913 f\u00fcr 1000 Reichsmark eine Fl\u00e4che von 30 Ar (3000 Quadratmeter) f\u00fcr den Bau einer Schule am Kreuzweg gekauft.<br \/>\nIm Fr\u00fchjahr 1914 wurde mit den Erdarbeiten begonnen, im Juli stand bereits der Rohbau. Da der Ausbruch des Ersten Weltkriegs die Arbeiten verz\u00f6gert hatte, erfolgte die Schlussabnahme erst im November 1915. Vier Wochen sp\u00e4ter wurde die Schule, die 23 682 Reichsmark gekostet hatte, mit einer kleinen Feier eingeweiht.<br \/>\nZehn Jahre mussten die Kinder mit dem schr\u00e4gen Schulhof vorlieb nehmen, bis unterhalb des Hanges eine Mauer gezogen und die Fl\u00e4che eingeebnet wurde.<br \/>\n1927 wurden ein zweiter Schulsaal und eine Lehrerwohnung angebaut.<br \/>\n1910 z\u00e4hlte die Gemeinde noch 91 Schulkinder, bis 1938 war die Zahl auf 63 gesunken.<br \/>\nAuf einem alten Schulfoto von 1947 mit Lehrer Kurt Hiese, der bis 1951 vier Jahre lang in Quentel unterrichtete, z\u00e4hlt man wieder 84 Kinder.<\/p>\n<p>1969 kam das Aus f\u00fcr die Schule, Christiane Engeling war die letzte Lehrerin. Nach der Umgestaltung wurde das Geb\u00e4ude ab 1974 als DGH genutzt. Zuletzt erfolgte der Anbau des Feuerwehrger\u00e4tehauses, das 2010 eingeweiht wurde.<\/p>\n","protected":false},"excerpt":{"rendered":"<p>Wie Thomas Blumenstein in seiner Chronik zum 675-j\u00e4hrigen Ortsjubil\u00e4um in 1996 schreibt, hatte die Gemeinde 1913 f\u00fcr 1000 Reichsmark eine Fl\u00e4che von 30 Ar (3000 Quadratmeter) f\u00fcr den Bau einer Schule am Kreuzweg gekauft. Im Fr\u00fchjahr 1914 wurde mit den Erdarbeiten begonnen, im Juli stand bereits der Rohbau. Da der Ausbruch des Ersten Weltkriegs die Arbeiten verz\u00f6gert hatte, erfolgte die Schlussabnahme erst im November 1915. Vier Wochen sp\u00e4ter wurde die Schule, die 23 682 Reichsmark gekostet hatte, mit einer kleinen&#8230;<\/p>\n<p class=\"read-more\"><a class=\"btn btn-default\" href=\"https:\/\/quentel.dcks.de\/?page_id=315\">Weiterlesen<span class=\"screen-reader-text\"> Weiterlesen<\/span><\/a><\/p>\n","protected":false},"author":1,"featured_media":0,"parent":0,"menu_order":0,"comment_status":"closed","ping_status":"closed","template":"","meta":{"footnotes":""},"class_list":["post-315","page","type-page","status-publish","hentry"],"_links":{"self":[{"href":"https:\/\/quentel.dcks.de\/index.php?rest_route=\/wp\/v2\/pages\/315","targetHints":{"allow":["GET"]}}],"collection":[{"href":"https:\/\/quentel.dcks.de\/index.php?rest_route=\/wp\/v2\/pages"}],"about":[{"href":"https:\/\/quentel.dcks.de\/index.php?rest_route=\/wp\/v2\/types\/page"}],"author":[{"embeddable":true,"href":"https:\/\/quentel.dcks.de\/index.php?rest_route=\/wp\/v2\/users\/1"}],"replies":[{"embeddable":true,"href":"https:\/\/quentel.dcks.de\/index.php?rest_route=%2Fwp%2Fv2%2Fcomments&post=315"}],"version-history":[{"count":3,"href":"https:\/\/quentel.dcks.de\/index.php?rest_route=\/wp\/v2\/pages\/315\/revisions"}],"predecessor-version":[{"id":332,"href":"https:\/\/quentel.dcks.de\/index.php?rest_route=\/wp\/v2\/pages\/315\/revisions\/332"}],"wp:attachment":[{"href":"https:\/\/quentel.dcks.de\/index.php?rest_route=%2Fwp%2Fv2%2Fmedia&parent=315"}],"curies":[{"name":"wp","href":"https:\/\/api.w.org\/{rel}","templated":true}]}}