{"id":311,"date":"2018-08-06T15:01:44","date_gmt":"2018-08-06T13:01:44","guid":{"rendered":"http:\/\/quentel.dcks.de\/?page_id=311"},"modified":"2018-08-06T15:11:41","modified_gmt":"2018-08-06T13:11:41","slug":"entstehung-des-vereins","status":"publish","type":"page","link":"https:\/\/quentel.dcks.de\/?page_id=311","title":{"rendered":"Entstehung des Vereins &#8211; F\u00f6rderverein"},"content":{"rendered":"<p>Da die Stadt Hessisch Lichtenau in 2013 unter dem Schutzschirm stand, wurde der Ortsbeirat Quentel damit konfrontiert, entweder dem Verkauf des Hauses zuzustimmen, oder ein Konzept f\u00fcr den weiteren Betrieb in eigener Regie vorzulegen.<br \/>\nBei einer B\u00fcrgerbefragung der 413 wahlberechtigten Dorfbewohner, wurde sich f\u00fcr den Erhalt des Hauses ausgesprochen, und teilweise eine Mitarbeit in einem F\u00f6rderverein angeboten.<br \/>\nVon Rita Schodder und Petra Beljung wurde den B\u00fcrgern ein Rahmenkonzept vorgestellt, um die Gr\u00fcndung eines F\u00f6rdervereins voranzutreiben.<br \/>\nSo wurde schon Ende 2013 der Verein gegr\u00fcndet und die Satzung des gemeinn\u00fctzigen Vereins unterschrieben.<\/p>\n","protected":false},"excerpt":{"rendered":"<p>Da die Stadt Hessisch Lichtenau in 2013 unter dem Schutzschirm stand, wurde der Ortsbeirat Quentel damit konfrontiert, entweder dem Verkauf des Hauses zuzustimmen, oder ein Konzept f\u00fcr den weiteren Betrieb in eigener Regie vorzulegen. Bei einer B\u00fcrgerbefragung der 413 wahlberechtigten Dorfbewohner, wurde sich f\u00fcr den Erhalt des Hauses ausgesprochen, und teilweise eine Mitarbeit in einem F\u00f6rderverein angeboten. Von Rita Schodder und Petra Beljung wurde den B\u00fcrgern ein Rahmenkonzept vorgestellt, um die Gr\u00fcndung eines F\u00f6rdervereins voranzutreiben. So wurde schon Ende 2013&#8230;<\/p>\n<p class=\"read-more\"><a class=\"btn btn-default\" href=\"https:\/\/quentel.dcks.de\/?page_id=311\">Weiterlesen<span class=\"screen-reader-text\"> Weiterlesen<\/span><\/a><\/p>\n","protected":false},"author":1,"featured_media":0,"parent":0,"menu_order":0,"comment_status":"closed","ping_status":"closed","template":"","meta":{"footnotes":""},"class_list":["post-311","page","type-page","status-publish","hentry"],"_links":{"self":[{"href":"https:\/\/quentel.dcks.de\/index.php?rest_route=\/wp\/v2\/pages\/311","targetHints":{"allow":["GET"]}}],"collection":[{"href":"https:\/\/quentel.dcks.de\/index.php?rest_route=\/wp\/v2\/pages"}],"about":[{"href":"https:\/\/quentel.dcks.de\/index.php?rest_route=\/wp\/v2\/types\/page"}],"author":[{"embeddable":true,"href":"https:\/\/quentel.dcks.de\/index.php?rest_route=\/wp\/v2\/users\/1"}],"replies":[{"embeddable":true,"href":"https:\/\/quentel.dcks.de\/index.php?rest_route=%2Fwp%2Fv2%2Fcomments&post=311"}],"version-history":[{"count":2,"href":"https:\/\/quentel.dcks.de\/index.php?rest_route=\/wp\/v2\/pages\/311\/revisions"}],"predecessor-version":[{"id":330,"href":"https:\/\/quentel.dcks.de\/index.php?rest_route=\/wp\/v2\/pages\/311\/revisions\/330"}],"wp:attachment":[{"href":"https:\/\/quentel.dcks.de\/index.php?rest_route=%2Fwp%2Fv2%2Fmedia&parent=311"}],"curies":[{"name":"wp","href":"https:\/\/api.w.org\/{rel}","templated":true}]}}