{"id":25,"date":"2018-03-15T15:25:51","date_gmt":"2018-03-15T14:25:51","guid":{"rendered":"http:\/\/webmail.dcks.de\/?page_id=25"},"modified":"2018-03-16T10:51:34","modified_gmt":"2018-03-16T09:51:34","slug":"kirmesmaedchen-und-burschen-quentel","status":"publish","type":"page","link":"https:\/\/quentel.dcks.de\/?page_id=25","title":{"rendered":"Kirmesm\u00e4dchen und -burschen Quentel"},"content":{"rendered":"<p>Wir, die Kirmesm\u00e4dchen und -burschen Quentel, sind eine gesellige Truppe, welche die traditionelle Kirmes mit den dazugeh\u00f6rigen Br\u00e4uchen aufrechterh\u00e4lt.<\/p>\n<p>Zudem veranstalten wir regelm\u00e4\u00dfig \u201erustikale Abende\u201c, an denen Jung und Alt bei guter alter Musik und traditionellen K\u00f6stlichkeiten im gem\u00fctlichen Ambiente beisammensitzen<\/p>\n<p><img loading=\"lazy\" decoding=\"async\" src=\"https:\/\/quentel.dcks.de\/wp-content\/uploads\/2018\/03\/Websticker_Nominierte_250x2501466-150x150.jpg\" alt=\"\" width=\"150\" height=\"150\" class=\"alignnone size-thumbnail wp-image-26\" srcset=\"https:\/\/quentel.dcks.de\/wp-content\/uploads\/2018\/03\/Websticker_Nominierte_250x2501466-150x150.jpg 150w, https:\/\/quentel.dcks.de\/wp-content\/uploads\/2018\/03\/Websticker_Nominierte_250x2501466-65x65.jpg 65w, https:\/\/quentel.dcks.de\/wp-content\/uploads\/2018\/03\/Websticker_Nominierte_250x2501466.jpg 250w\" sizes=\"auto, (max-width: 150px) 100vw, 150px\" \/><\/p>\n","protected":false},"excerpt":{"rendered":"<p>Wir, die Kirmesm\u00e4dchen und -burschen Quentel, sind eine gesellige Truppe, welche die traditionelle Kirmes mit den dazugeh\u00f6rigen Br\u00e4uchen aufrechterh\u00e4lt. Zudem veranstalten wir regelm\u00e4\u00dfig \u201erustikale Abende\u201c, an denen Jung und Alt bei guter alter Musik und traditionellen K\u00f6stlichkeiten im gem\u00fctlichen Ambiente beisammensitzen<\/p>\n","protected":false},"author":1,"featured_media":0,"parent":0,"menu_order":0,"comment_status":"closed","ping_status":"closed","template":"","meta":{"footnotes":""},"class_list":["post-25","page","type-page","status-publish","hentry"],"_links":{"self":[{"href":"https:\/\/quentel.dcks.de\/index.php?rest_route=\/wp\/v2\/pages\/25","targetHints":{"allow":["GET"]}}],"collection":[{"href":"https:\/\/quentel.dcks.de\/index.php?rest_route=\/wp\/v2\/pages"}],"about":[{"href":"https:\/\/quentel.dcks.de\/index.php?rest_route=\/wp\/v2\/types\/page"}],"author":[{"embeddable":true,"href":"https:\/\/quentel.dcks.de\/index.php?rest_route=\/wp\/v2\/users\/1"}],"replies":[{"embeddable":true,"href":"https:\/\/quentel.dcks.de\/index.php?rest_route=%2Fwp%2Fv2%2Fcomments&post=25"}],"version-history":[{"count":2,"href":"https:\/\/quentel.dcks.de\/index.php?rest_route=\/wp\/v2\/pages\/25\/revisions"}],"predecessor-version":[{"id":98,"href":"https:\/\/quentel.dcks.de\/index.php?rest_route=\/wp\/v2\/pages\/25\/revisions\/98"}],"wp:attachment":[{"href":"https:\/\/quentel.dcks.de\/index.php?rest_route=%2Fwp%2Fv2%2Fmedia&parent=25"}],"curies":[{"name":"wp","href":"https:\/\/api.w.org\/{rel}","templated":true}]}}