{"id":15,"date":"2018-03-15T15:20:45","date_gmt":"2018-03-15T14:20:45","guid":{"rendered":"http:\/\/webmail.dcks.de\/?page_id=15"},"modified":"2025-02-05T20:46:30","modified_gmt":"2025-02-05T19:46:30","slug":"ortsbeirat","status":"publish","type":"page","link":"https:\/\/quentel.dcks.de\/?page_id=15","title":{"rendered":"Ortsbeirat"},"content":{"rendered":"<div id=\"primary\" class=\"content-area clr\">\n<section id=\"content\" class=\"site-content left-content clr\" role=\"main\">\n<div id=\"content-wrap\">\n<div class=\"region region-content\">\n<div id=\"block-system-main\" class=\"block block-system\">\n<div class=\"content\">\n<div class=\"content\">\n<div class=\"field field-name-body field-type-text-with-summary field-label-hidden\">\n<div class=\"field-items\">\n<div class=\"field-item even\"><strong>Mitglieder<\/strong><\/div>\n<div>\n<table style=\"border-collapse: collapse; width: 70.2117%; height: 206px;\" border=\"0\">\n<tbody>\n<tr>\n<td style=\"width: 38.9469%;\">Blumenstein, Felix<\/td>\n<td style=\"width: 85.3758%;\">(Ortsvorsteher)<\/td>\n<\/tr>\n<tr>\n<td style=\"width: 38.9469%;\">Sennhenn, Harald<\/td>\n<td style=\"width: 85.3758%;\">(stellv. Ortsvorsteher)<\/td>\n<\/tr>\n<tr>\n<td style=\"width: 38.9469%;\">K\u00fcllmer, Peter<\/td>\n<td style=\"width: 85.3758%;\">(Schriftf\u00fchrer)<\/td>\n<\/tr>\n<tr>\n<td style=\"width: 38.9469%;\">Hildebrandt, Stefan<\/td>\n<td style=\"width: 85.3758%;\"><\/td>\n<\/tr>\n<tr>\n<td style=\"width: 38.9469%;\"><span dir=\"ltr\" role=\"presentation\">Sennhenn, Sandra<\/span><\/td>\n<td style=\"width: 85.3758%;\">(stellv. Schriftf\u00fchrerin)<\/td>\n<\/tr>\n<\/tbody>\n<\/table>\n<\/div>\n<\/div>\n<\/div>\n<\/div>\n<\/div>\n<\/div>\n<\/div>\n<\/div>\n<\/section>\n<\/div>\n","protected":false},"excerpt":{"rendered":"<p>Mitglieder Blumenstein, Felix (Ortsvorsteher) Sennhenn, Harald (stellv. Ortsvorsteher) K\u00fcllmer, Peter (Schriftf\u00fchrer) Hildebrandt, Stefan Sennhenn, Sandra (stellv. Schriftf\u00fchrerin)<\/p>\n","protected":false},"author":1,"featured_media":0,"parent":6,"menu_order":0,"comment_status":"closed","ping_status":"closed","template":"","meta":{"footnotes":""},"class_list":["post-15","page","type-page","status-publish","hentry"],"_links":{"self":[{"href":"https:\/\/quentel.dcks.de\/index.php?rest_route=\/wp\/v2\/pages\/15","targetHints":{"allow":["GET"]}}],"collection":[{"href":"https:\/\/quentel.dcks.de\/index.php?rest_route=\/wp\/v2\/pages"}],"about":[{"href":"https:\/\/quentel.dcks.de\/index.php?rest_route=\/wp\/v2\/types\/page"}],"author":[{"embeddable":true,"href":"https:\/\/quentel.dcks.de\/index.php?rest_route=\/wp\/v2\/users\/1"}],"replies":[{"embeddable":true,"href":"https:\/\/quentel.dcks.de\/index.php?rest_route=%2Fwp%2Fv2%2Fcomments&post=15"}],"version-history":[{"count":20,"href":"https:\/\/quentel.dcks.de\/index.php?rest_route=\/wp\/v2\/pages\/15\/revisions"}],"predecessor-version":[{"id":664,"href":"https:\/\/quentel.dcks.de\/index.php?rest_route=\/wp\/v2\/pages\/15\/revisions\/664"}],"up":[{"embeddable":true,"href":"https:\/\/quentel.dcks.de\/index.php?rest_route=\/wp\/v2\/pages\/6"}],"wp:attachment":[{"href":"https:\/\/quentel.dcks.de\/index.php?rest_route=%2Fwp%2Fv2%2Fmedia&parent=15"}],"curies":[{"name":"wp","href":"https:\/\/api.w.org\/{rel}","templated":true}]}}